{"id":340,"date":"2020-10-16T15:46:33","date_gmt":"2020-10-16T18:46:33","guid":{"rendered":"https:\/\/abraps.org.br\/semanalixozero\/?page_id=340"},"modified":"2021-10-24T17:31:14","modified_gmt":"2021-10-24T20:31:14","slug":"sexta-22-10-2021","status":"publish","type":"page","link":"https:\/\/abraps.org.br\/semanalixozero\/programacao\/sexta-22-10-2021\/","title":{"rendered":"Sexta &#8211; 22\/10\/2021"},"content":{"rendered":"\t\t<div data-elementor-type=\"wp-page\" data-elementor-id=\"340\" class=\"elementor elementor-340\" data-elementor-settings=\"[]\">\n\t\t\t\t\t\t<div class=\"elementor-inner\">\n\t\t\t\t\t\t\t<div class=\"elementor-section-wrap\">\n\t\t\t\t\t\t\t<section class=\"elementor-section elementor-top-section elementor-element elementor-element-e56b817 elementor-section-boxed elementor-section-height-default elementor-section-height-default\" data-id=\"e56b817\" data-element_type=\"section\">\n\t\t\t\t\t\t<div class=\"elementor-container elementor-column-gap-default\">\n\t\t\t\t\t\t\t<div class=\"elementor-row\">\n\t\t\t\t\t<div class=\"elementor-column elementor-col-100 elementor-top-column elementor-element elementor-element-4e1e95b\" data-id=\"4e1e95b\" data-element_type=\"column\">\n\t\t\t<div class=\"elementor-column-wrap elementor-element-populated\">\n\t\t\t\t\t\t\t<div class=\"elementor-widget-wrap\">\n\t\t\t\t\t\t\t\t<\/div>\n\t\t\t\t\t<\/div>\n\t\t<\/div>\n\t\t\t\t\t\t\t\t<\/div>\n\t\t\t\t\t<\/div>\n\t\t<\/section>\n\t\t\t\t<section class=\"elementor-section elementor-top-section elementor-element elementor-element-7646e1d elementor-section-boxed elementor-section-height-default elementor-section-height-default\" data-id=\"7646e1d\" data-element_type=\"section\">\n\t\t\t\t\t\t<div class=\"elementor-container elementor-column-gap-default\">\n\t\t\t\t\t\t\t<div class=\"elementor-row\">\n\t\t\t\t\t<div class=\"elementor-column elementor-col-100 elementor-top-column elementor-element elementor-element-0748169\" data-id=\"0748169\" data-element_type=\"column\">\n\t\t\t<div class=\"elementor-column-wrap elementor-element-populated\">\n\t\t\t\t\t\t\t<div class=\"elementor-widget-wrap\">\n\t\t\t\t\t\t<div class=\"elementor-element elementor-element-97847fc elementor-widget elementor-widget-heading\" data-id=\"97847fc\" data-element_type=\"widget\" data-widget_type=\"heading.default\">\n\t\t\t\t<div class=\"elementor-widget-container\">\n\t\t\t<h3 class=\"elementor-heading-title elementor-size-large\">Venha pesar seu lixo. Reuse e use\u200b<\/h3>\t\t<\/div>\n\t\t\t\t<\/div>\n\t\t\t\t\t\t<\/div>\n\t\t\t\t\t<\/div>\n\t\t<\/div>\n\t\t\t\t\t\t\t\t<\/div>\n\t\t\t\t\t<\/div>\n\t\t<\/section>\n\t\t\t\t<section class=\"elementor-section elementor-top-section elementor-element elementor-element-c4a4825 elementor-section-boxed elementor-section-height-default elementor-section-height-default\" data-id=\"c4a4825\" data-element_type=\"section\">\n\t\t\t\t\t\t<div class=\"elementor-container elementor-column-gap-default\">\n\t\t\t\t\t\t\t<div class=\"elementor-row\">\n\t\t\t\t\t<div class=\"elementor-column elementor-col-50 elementor-top-column elementor-element elementor-element-672b4fb\" data-id=\"672b4fb\" data-element_type=\"column\">\n\t\t\t<div class=\"elementor-column-wrap elementor-element-populated\">\n\t\t\t\t\t\t\t<div class=\"elementor-widget-wrap\">\n\t\t\t\t\t\t<div class=\"elementor-element elementor-element-4ceb63d elementor-widget elementor-widget-text-editor\" data-id=\"4ceb63d\" data-element_type=\"widget\" data-widget_type=\"text-editor.default\">\n\t\t\t\t<div class=\"elementor-widget-container\">\n\t\t\t\t\t\t\t\t<div class=\"elementor-text-editor elementor-clearfix\">\n\t\t\t\t<p><strong>VENHA PESAR SEU LIXO<\/strong><\/p><p>Oficina que convida os participantes a descobrirem quanto pesa seu lixo ao mesmo tempo em que recolhe itens de dif\u00edcil reciclagem. Os participantes devem levar seu res\u00edduo org\u00e2nico (restos de alimentos) e os itens recicl\u00e1veis descritos abaixo em sacos separados. Ao acertarem o peso, ganham um brinde.<\/p><p><strong>REUSE E USE<\/strong><\/p><p>Recicl\u00e1veis que ser\u00e3o coletados: meias, lingerie, arma\u00e7\u00e3o de \u00f3culos, guarda-chuvas, material de escrita, buchas de pia de espuma e cartelas de rem\u00e9dio vazias.<\/p><p><strong>Endere\u00e7o:<\/strong> Pra\u00e7a Jorge Baptista, Rua Cara\u00e7a, Vila Beatriz<\/p><p><strong>Organiza\u00e7\u00e3o<\/strong><br \/>IBI TERRA VIVA e COLETIVO DAS VILAS<\/p>\t\t\t\t\t<\/div>\n\t\t\t\t\t\t<\/div>\n\t\t\t\t<\/div>\n\t\t\t\t\t\t<\/div>\n\t\t\t\t\t<\/div>\n\t\t<\/div>\n\t\t\t\t<div class=\"elementor-column elementor-col-50 elementor-top-column elementor-element elementor-element-5c4406e\" data-id=\"5c4406e\" data-element_type=\"column\">\n\t\t\t<div class=\"elementor-column-wrap elementor-element-populated\">\n\t\t\t\t\t\t\t<div class=\"elementor-widget-wrap\">\n\t\t\t\t\t\t<div class=\"elementor-element elementor-element-a25d316 elementor-widget elementor-widget-image\" data-id=\"a25d316\" data-element_type=\"widget\" data-widget_type=\"image.default\">\n\t\t\t\t<div class=\"elementor-widget-container\">\n\t\t\t\t\t\t\t\t<div class=\"elementor-image\">\n\t\t\t\t\t\t\t\t\t\t\t\t<img width=\"756\" height=\"594\" src=\"https:\/\/abraps.org.br\/semanalixozero\/wp-content\/uploads\/2021\/10\/Terra_Viva-semana-zero-lixo-sao-paulo.png\" class=\"attachment-large size-large\" alt=\"\" loading=\"lazy\" srcset=\"https:\/\/abraps.org.br\/semanalixozero\/wp-content\/uploads\/2021\/10\/Terra_Viva-semana-zero-lixo-sao-paulo.png 756w, https:\/\/abraps.org.br\/semanalixozero\/wp-content\/uploads\/2021\/10\/Terra_Viva-semana-zero-lixo-sao-paulo-300x236.png 300w, https:\/\/abraps.org.br\/semanalixozero\/wp-content\/uploads\/2021\/10\/Terra_Viva-semana-zero-lixo-sao-paulo-148x116.png 148w\" sizes=\"(max-width: 756px) 100vw, 756px\" \/>\t\t\t\t\t\t\t\t\t\t\t\t\t\t<\/div>\n\t\t\t\t\t\t<\/div>\n\t\t\t\t<\/div>\n\t\t\t\t\t\t<\/div>\n\t\t\t\t\t<\/div>\n\t\t<\/div>\n\t\t\t\t\t\t\t\t<\/div>\n\t\t\t\t\t<\/div>\n\t\t<\/section>\n\t\t\t\t<section class=\"elementor-section elementor-top-section elementor-element elementor-element-faf7d94 elementor-section-boxed elementor-section-height-default elementor-section-height-default\" data-id=\"faf7d94\" data-element_type=\"section\">\n\t\t\t\t\t\t<div class=\"elementor-container elementor-column-gap-default\">\n\t\t\t\t\t\t\t<div class=\"elementor-row\">\n\t\t\t\t\t<div class=\"elementor-column elementor-col-100 elementor-top-column elementor-element elementor-element-fb7f10d\" data-id=\"fb7f10d\" data-element_type=\"column\">\n\t\t\t<div class=\"elementor-column-wrap elementor-element-populated\">\n\t\t\t\t\t\t\t<div class=\"elementor-widget-wrap\">\n\t\t\t\t\t\t<div class=\"elementor-element elementor-element-93044d2 elementor-widget elementor-widget-heading\" data-id=\"93044d2\" data-element_type=\"widget\" data-widget_type=\"heading.default\">\n\t\t\t\t<div class=\"elementor-widget-container\">\n\t\t\t<h2 class=\"elementor-heading-title elementor-size-default\">Biomovement Ambiental<\/h2>\t\t<\/div>\n\t\t\t\t<\/div>\n\t\t\t\t\t\t<\/div>\n\t\t\t\t\t<\/div>\n\t\t<\/div>\n\t\t\t\t\t\t\t\t<\/div>\n\t\t\t\t\t<\/div>\n\t\t<\/section>\n\t\t\t\t<section class=\"elementor-section elementor-top-section elementor-element elementor-element-e3ecc91 elementor-section-boxed elementor-section-height-default elementor-section-height-default\" data-id=\"e3ecc91\" data-element_type=\"section\">\n\t\t\t\t\t\t<div class=\"elementor-container elementor-column-gap-default\">\n\t\t\t\t\t\t\t<div class=\"elementor-row\">\n\t\t\t\t\t<div class=\"elementor-column elementor-col-50 elementor-top-column elementor-element elementor-element-54f31e4\" data-id=\"54f31e4\" data-element_type=\"column\">\n\t\t\t<div class=\"elementor-column-wrap elementor-element-populated\">\n\t\t\t\t\t\t\t<div class=\"elementor-widget-wrap\">\n\t\t\t\t\t\t<div class=\"elementor-element elementor-element-020c717 elementor-widget elementor-widget-text-editor\" data-id=\"020c717\" data-element_type=\"widget\" data-widget_type=\"text-editor.default\">\n\t\t\t\t<div class=\"elementor-widget-container\">\n\t\t\t\t\t\t\t\t<div class=\"elementor-text-editor elementor-clearfix\">\n\t\t\t\t<p>A <a href=\"https:\/\/www.biomovement.com.br\/\">Biomovement Ambiental<\/a> \u00e9 uma startup com foco em desenvolvimento, pesquisa e implementa\u00e7\u00e3o de tecnologias inovadoras, como biog\u00e1s, filtros para tratamento de efluentes, biodigestores, etc.<\/p><p>Nos dias 22\/10 e 29\/10 eles abrem suas portas para uma atividade: <strong>&#8220;Viv\u00eancia sobre a transforma\u00e7\u00e3o dos res\u00edduos org\u00e2nicos em energia limpa e biofertilizante&#8221;<\/strong>.<\/p><p><strong>Local: <\/strong>Rua Borges de Barros, 90 &#8211; Sumarezinho (pr\u00f3ximo ao metro Vila Madalena)<\/p><p><strong>Hor\u00e1rios:<\/strong> 10h30 \/ 13h30 \/ 15h30<\/p><p><strong>Inscri\u00e7\u00e3o:\u00a0<\/strong>https:\/\/forms.gle\/N8QWHJ3iMvQ2HteX6<\/p><p>\u00a0<\/p>\t\t\t\t\t<\/div>\n\t\t\t\t\t\t<\/div>\n\t\t\t\t<\/div>\n\t\t\t\t\t\t<\/div>\n\t\t\t\t\t<\/div>\n\t\t<\/div>\n\t\t\t\t<div class=\"elementor-column elementor-col-50 elementor-top-column elementor-element elementor-element-efc85cb\" data-id=\"efc85cb\" data-element_type=\"column\">\n\t\t\t<div class=\"elementor-column-wrap elementor-element-populated\">\n\t\t\t\t\t\t\t<div class=\"elementor-widget-wrap\">\n\t\t\t\t\t\t<div class=\"elementor-element elementor-element-74768ba elementor-widget elementor-widget-image\" data-id=\"74768ba\" data-element_type=\"widget\" data-widget_type=\"image.default\">\n\t\t\t\t<div class=\"elementor-widget-container\">\n\t\t\t\t\t\t\t\t<div class=\"elementor-image\">\n\t\t\t\t\t\t\t\t\t\t\t\t\t<a href=\"https:\/\/forms.gle\/N8QWHJ3iMvQ2HteX6\">\n\t\t\t\t\t\t\t<img width=\"800\" height=\"800\" src=\"https:\/\/abraps.org.br\/semanalixozero\/wp-content\/uploads\/2021\/10\/biomovement-ambiental-semana-lixo-zero.jpeg\" class=\"attachment-large size-large\" alt=\"\" loading=\"lazy\" srcset=\"https:\/\/abraps.org.br\/semanalixozero\/wp-content\/uploads\/2021\/10\/biomovement-ambiental-semana-lixo-zero.jpeg 800w, https:\/\/abraps.org.br\/semanalixozero\/wp-content\/uploads\/2021\/10\/biomovement-ambiental-semana-lixo-zero-300x300.jpeg 300w, https:\/\/abraps.org.br\/semanalixozero\/wp-content\/uploads\/2021\/10\/biomovement-ambiental-semana-lixo-zero-150x150.jpeg 150w, https:\/\/abraps.org.br\/semanalixozero\/wp-content\/uploads\/2021\/10\/biomovement-ambiental-semana-lixo-zero-768x768.jpeg 768w, https:\/\/abraps.org.br\/semanalixozero\/wp-content\/uploads\/2021\/10\/biomovement-ambiental-semana-lixo-zero-116x116.jpeg 116w\" sizes=\"(max-width: 800px) 100vw, 800px\" \/>\t\t\t\t\t\t\t\t<\/a>\n\t\t\t\t\t\t\t\t\t\t\t\t\t\t<\/div>\n\t\t\t\t\t\t<\/div>\n\t\t\t\t<\/div>\n\t\t\t\t\t\t<\/div>\n\t\t\t\t\t<\/div>\n\t\t<\/div>\n\t\t\t\t\t\t\t\t<\/div>\n\t\t\t\t\t<\/div>\n\t\t<\/section>\n\t\t\t\t\t\t<\/div>\n\t\t\t\t\t\t<\/div>\n\t\t\t\t\t<\/div>\n\t\t","protected":false},"excerpt":{"rendered":"<p>Venha pesar seu lixo. Reuse e use\u200b VENHA PESAR SEU LIXO Oficina que convida os participantes a descobrirem quanto pesa seu lixo ao mesmo tempo em que recolhe itens de dif\u00edcil reciclagem. Os participantes devem levar seu res\u00edduo org\u00e2nico (restos de alimentos) e os itens recicl\u00e1veis descritos abaixo em sacos separados. Ao acertarem o peso, [&hellip;]<\/p>\n","protected":false},"author":1,"featured_media":0,"parent":467,"menu_order":2,"comment_status":"closed","ping_status":"closed","template":"","meta":[],"_links":{"self":[{"href":"https:\/\/abraps.org.br\/semanalixozero\/wp-json\/wp\/v2\/pages\/340"}],"collection":[{"href":"https:\/\/abraps.org.br\/semanalixozero\/wp-json\/wp\/v2\/pages"}],"about":[{"href":"https:\/\/abraps.org.br\/semanalixozero\/wp-json\/wp\/v2\/types\/page"}],"author":[{"embeddable":true,"href":"https:\/\/abraps.org.br\/semanalixozero\/wp-json\/wp\/v2\/users\/1"}],"replies":[{"embeddable":true,"href":"https:\/\/abraps.org.br\/semanalixozero\/wp-json\/wp\/v2\/comments?post=340"}],"version-history":[{"count":61,"href":"https:\/\/abraps.org.br\/semanalixozero\/wp-json\/wp\/v2\/pages\/340\/revisions"}],"predecessor-version":[{"id":1373,"href":"https:\/\/abraps.org.br\/semanalixozero\/wp-json\/wp\/v2\/pages\/340\/revisions\/1373"}],"up":[{"embeddable":true,"href":"https:\/\/abraps.org.br\/semanalixozero\/wp-json\/wp\/v2\/pages\/467"}],"wp:attachment":[{"href":"https:\/\/abraps.org.br\/semanalixozero\/wp-json\/wp\/v2\/media?parent=340"}],"curies":[{"name":"wp","href":"https:\/\/api.w.org\/{rel}","templated":true}]}}